{"id":116,"date":"2010-05-12T19:19:43","date_gmt":"2010-05-12T15:19:43","guid":{"rendered":"http:\/\/www.dbv-bremen.de\/?page_id=116"},"modified":"2025-02-07T14:33:10","modified_gmt":"2025-02-07T13:33:10","slug":"staats-und-universitatsbibliothek-bremen","status":"publish","type":"page","link":"http:\/\/www.dbv-bremen.de\/?page_id=116","title":{"rendered":"Staats- und Universit\u00e4tsbibliothek Bremen"},"content":{"rendered":"<p><strong>Adresse<\/strong> <img loading=\"lazy\" decoding=\"async\" class=\"alignright size-medium wp-image-135\" title=\"Staats- und Universit\u00e4tsbibliothek Bremen\" src=\"http:\/\/www.dbv-bremen.de\/wp-content\/uploads\/2010\/05\/03_suub-300x199.jpg\" alt=\"\" width=\"300\" height=\"199\" srcset=\"http:\/\/www.dbv-bremen.de\/wp-content\/uploads\/2010\/05\/03_suub-300x199.jpg 300w, http:\/\/www.dbv-bremen.de\/wp-content\/uploads\/2010\/05\/03_suub.jpg 327w\" sizes=\"auto, (max-width: 300px) 100vw, 300px\" \/><br \/>\nStaats- und Universit\u00e4tsbibliothek Bremen<br \/>\nBibliothekstra\u00dfe<br \/>\n28359 Bremen<br \/>\nTel.: 0421\/218-59500<br \/>\nMail: suub@suub.uni-bremen.de<\/p>\n<p><strong>Bibliothekarische Leitung<\/strong><br \/>\nMaria Elisabeth M\u00fcller, Direktorin<\/p>\n<p><strong>Kurzbeschreibung<\/strong><br \/>\nDie Staats- und Universit\u00e4tsbibliothek Bremen (SuUB), gegr\u00fcndet 1660 als Bibliotheca Bremensis, dient der Literatur- und Informationsversorgung der Universit\u00e4t Bremen und der bremischen Hochschulen einschlie\u00dflich der Hochschule Bremerhaven. Dar\u00fcber hinaus bietet die SuUB allen Benutzern und Institutionen aus dem Lande Bremen und dem Unterweserraum den Zugang zu wissenschaftlicher und regionalbezogener Literatur. Als Archiv- und Landesbibliothek der Freien Hansestadt Bremen nimmt sie das Pflichtexemplarrecht wahr. Im Auftrag der DFG sammelte die Bibliothek 1969 bis 1997 umfassend alle in- und ausl\u00e4ndische Literatur zu Presse, Publizistik und Journalismus und besitzt einen umfangreichen Bestand deutschsprachiger Zeitungen vom fr\u00fchen 17. Jahrhundert bis zur Gegenwart (vorwiegend auf Mikrofilm).<\/p>\n<p>Geb\u00fchren: 20,00 Euro pro Kalenderjahr.<br \/>\nErm\u00e4\u00dfigt 10,00 Euro pro Kalenderjahr.<br \/>\nFrei f\u00fcr Wissenschaftler und Studierende der Hochschulen in Bremen und Bremerhaven<\/p>\n<p><strong>Weitere Informationen unter:<\/strong><br \/>\n<a href=\"http:\/\/www.suub.uni-bremen.de\" target=\"_blank\" rel=\"noopener\">www.suub.uni-bremen.de<\/a><\/p>\n<p><strong>Zugeh\u00f6rige Teilbibliotheken<\/strong><br \/>\nTeilbibliothek an der Hochschule Bremerhaven<br \/>\nKarlsburg 7 (Haus S), 27568 Bremerhaven<br \/>\nTel.: (0471) 4823 &#8211; 250<br \/>\nMail: <a href=\"https:\/\/www.suub.uni-bremen.de\/kontakt-zur-suub\/allgemein\/29\/\" target=\"_blank\" rel=\"noopener\">hochschulbibliotheken@suub.uni-bremen.de<\/a><\/p>\n<p>Teilbibliothek f\u00fcr Technik und Sozialwesen<br \/>\nNeustadtswall 30, 28199 Bremen<br \/>\nTel.: (0421) 5905 &#8211; 3291<br \/>\nMail: <a href=\"https:\/\/www.suub.uni-bremen.de\/kontakt-zur-suub\/allgemein\/29\/\" target=\"_blank\" rel=\"noopener\">hochschulbibliotheken@suub.uni-bremen.de<\/a><\/p>\n<p>Teilbibliothek f\u00fcr Wirtschaft und Nautik<br \/>\nWerderstra\u00dfe 73, 28199 Bremen<br \/>\nTel.: (0421) 5905 &#8211; 4120<br \/>\nMail: <a href=\"https:\/\/www.suub.uni-bremen.de\/kontakt-zur-suub\/allgemein\/29\/\" target=\"_blank\" rel=\"noopener\">hochschulbibliotheken@suub.uni-bremen.de<\/a><\/p>\n<p>Teilbibliothek an der Hochschule f\u00fcr K\u00fcnste<br \/>\nFachbereich Kunst<br \/>\nAm Speicher XI. Nr. 8, 28127 Bremen,<br \/>\nTel.: (0421) 9595 &#8211; 1208<br \/>\nMail: <a href=\"https:\/\/www.suub.uni-bremen.de\/kontakt-zur-suub\/allgemein\/28\/\" target=\"_blank\" rel=\"noopener\">tb-kunst@suub.uni-bremen.de<\/a><\/p>\n<p>Teilbibliothek an der Hochschule f\u00fcr K\u00fcnste<br \/>\nFachbereich Musik<br \/>\nDechanatstr. 13-15, 28195 Bremen<br \/>\nTel.: (0421) 9595 &#8211; 1509<br \/>\nMail: <a href=\"https:\/\/www.suub.uni-bremen.de\/kontakt-zur-suub\/allgemein\/27\/\" target=\"_blank\" rel=\"noopener\">tb-musik@suub.uni-bremen.de<\/a><\/p>\n","protected":false},"excerpt":{"rendered":"<p>Adresse Staats- und Universit\u00e4tsbibliothek Bremen Bibliothekstra\u00dfe 28359 Bremen Tel.: 0421\/218-59500 Mail: suub@suub.uni-bremen.de Bibliothekarische Leitung Maria Elisabeth M\u00fcller, Direktorin Kurzbeschreibung Die Staats- und Universit\u00e4tsbibliothek Bremen (SuUB), gegr\u00fcndet 1660 als Bibliotheca Bremensis, dient der Literatur- und Informationsversorgung der Universit\u00e4t Bremen und der bremischen Hochschulen einschlie\u00dflich der Hochschule Bremerhaven. Dar\u00fcber hinaus bietet die SuUB allen Benutzern und Institutionen [&hellip;]<\/p>\n","protected":false},"author":1,"featured_media":0,"parent":5,"menu_order":0,"comment_status":"closed","ping_status":"closed","template":"","meta":{"footnotes":""},"class_list":["post-116","page","type-page","status-publish","hentry"],"_links":{"self":[{"href":"http:\/\/www.dbv-bremen.de\/index.php?rest_route=\/wp\/v2\/pages\/116","targetHints":{"allow":["GET"]}}],"collection":[{"href":"http:\/\/www.dbv-bremen.de\/index.php?rest_route=\/wp\/v2\/pages"}],"about":[{"href":"http:\/\/www.dbv-bremen.de\/index.php?rest_route=\/wp\/v2\/types\/page"}],"author":[{"embeddable":true,"href":"http:\/\/www.dbv-bremen.de\/index.php?rest_route=\/wp\/v2\/users\/1"}],"replies":[{"embeddable":true,"href":"http:\/\/www.dbv-bremen.de\/index.php?rest_route=%2Fwp%2Fv2%2Fcomments&post=116"}],"version-history":[{"count":10,"href":"http:\/\/www.dbv-bremen.de\/index.php?rest_route=\/wp\/v2\/pages\/116\/revisions"}],"predecessor-version":[{"id":996,"href":"http:\/\/www.dbv-bremen.de\/index.php?rest_route=\/wp\/v2\/pages\/116\/revisions\/996"}],"up":[{"embeddable":true,"href":"http:\/\/www.dbv-bremen.de\/index.php?rest_route=\/wp\/v2\/pages\/5"}],"wp:attachment":[{"href":"http:\/\/www.dbv-bremen.de\/index.php?rest_route=%2Fwp%2Fv2%2Fmedia&parent=116"}],"curies":[{"name":"wp","href":"https:\/\/api.w.org\/{rel}","templated":true}]}}