{"id":127,"date":"2010-05-19T18:14:55","date_gmt":"2010-05-19T14:14:55","guid":{"rendered":"http:\/\/www.dbv-bremen.de\/?page_id=127"},"modified":"2025-02-07T14:04:58","modified_gmt":"2025-02-07T13:04:58","slug":"institut-fur-niederdeutsche-sprache","status":"publish","type":"page","link":"http:\/\/www.dbv-bremen.de\/?page_id=127","title":{"rendered":"Institut f\u00fcr niederdeutsche Sprache"},"content":{"rendered":"<p><strong>Adresse<\/strong><img loading=\"lazy\" decoding=\"async\" class=\"alignright size-full wp-image-128\" title=\"Institut f\u00fcr niederdeutsche Sprache\" src=\"http:\/\/www.dbv-bremen.de\/wp-content\/uploads\/2010\/05\/06_lis.jpg\" alt=\"\" width=\"231\" height=\"175\" \/><br \/>\nInstitut f\u00fcr niederdeutsche Sprache (INS),<br \/>\nSchnoor 41-43<br \/>\n28195 Bremen<\/p>\n<p>Tel: 0421 &#8211; 32 45 35<br \/>\nMail: ins@ins-bremen.de<\/p>\n<p>Termine nach Vereinbarung.<\/p>\n<p><strong>Kurzbeschreibung<\/strong><br \/>\nDie INS- Bibliothek ist eine Sonderbibliothek f\u00fcr den gesamten niederdeutschen Sprachraum. Der Bestand setzt sich zusammen aus Publikationen, die alle Felder des Niederdeutschen einbeziehen. Neben der plattdeutschen Prim\u00e4rliteratur z\u00e4hlen dazu Ver\u00f6ffentlichungen der niederdeutschen Philologie sowie zur norddeutschen Kultur und Geschichte. Den Schwerpunkt des Bestandes bildet die belletristische Plattdeutsch-Literatur des 19. bis 21. Jahrhundert (einschlie\u00dflich fremdsprachiger \u00dcbersetzungen). Dar\u00fcber hinaus besteht der Bestand aus Kinderb\u00fcchern, Schul- und Leseb\u00fcchern, Theater- sowie H\u00f6rspiel- und Funkmanuskripten, Liederb\u00fcchern, Kirchenliteratur, Schriften zur Volkskunde und europ\u00e4ischen Ethnologie, Schriften zur Landeskunde sowie zur regionalen Kunst- und Kulturgeschichte, Schriften zur Sprach- und Literaturwissenschaft, W\u00f6rterb\u00fcchern, Examensarbeiten, Zeitschriften, Jahrb\u00fcchern und Kalendern. Zahlreiche Schallplatten, Video-, Musik- und Sprachkassetten sowie CDs und DVDs erg\u00e4nzen den Buchbestand.<br \/>\nDie Bibliothek macht den Kernbereich der Dokumentation des INS aus und bildet eine wichtige Grundlage f\u00fcr vielf\u00e4ltige Formen der Wissensvermittlung \u00fcber das Plattdeutsche und die sprachgebundene Kultur. Die Bibliothek hat die Funktion einer niederdeutschen Zentralbibliothek. Einen Schwerpunkt bildet die systematische Sammlung Grauer Literatur. Diese Publikationsform ist f\u00fcr die kleinr\u00e4umig aufgestellte plattdeutsche Sprachlandschaft und ihre Strukturen einer liebhaberisch-ehrenamtlich praktizierten Sprachf\u00f6rderung und \u2013pflege typisch.<br \/>\nDie Bibliothek ist eine Pr\u00e4senzbibliothek. Die Benutzung ist kostenfrei.<br \/>\nService: Lese- und Arbeitspl\u00e4tze, Kopierm\u00f6glichkeit, Online-Katalog.<br \/>\nSpezielle Angebote: F\u00fchrungen (auf Anfrage), Lesungen, Ausstellungen<\/p>\n<p><strong>Weitere Informationen unter:<\/strong><br \/>\n<a href=\"https:\/\/ins-bremen.de\/bibliothek\/\" target=\"_blank\" rel=\"noopener\">https:\/\/ins-bremen.de\/bibliothek\/<\/a><\/p>\n","protected":false},"excerpt":{"rendered":"<p>Adresse Institut f\u00fcr niederdeutsche Sprache (INS), Schnoor 41-43 28195 Bremen Tel: 0421 &#8211; 32 45 35 Mail: ins@ins-bremen.de Termine nach Vereinbarung. Kurzbeschreibung Die INS- Bibliothek ist eine Sonderbibliothek f\u00fcr den gesamten niederdeutschen Sprachraum. Der Bestand setzt sich zusammen aus Publikationen, die alle Felder des Niederdeutschen einbeziehen. Neben der plattdeutschen Prim\u00e4rliteratur z\u00e4hlen dazu Ver\u00f6ffentlichungen der niederdeutschen [&hellip;]<\/p>\n","protected":false},"author":1,"featured_media":0,"parent":5,"menu_order":0,"comment_status":"closed","ping_status":"closed","template":"","meta":{"footnotes":""},"class_list":["post-127","page","type-page","status-publish","hentry"],"_links":{"self":[{"href":"http:\/\/www.dbv-bremen.de\/index.php?rest_route=\/wp\/v2\/pages\/127","targetHints":{"allow":["GET"]}}],"collection":[{"href":"http:\/\/www.dbv-bremen.de\/index.php?rest_route=\/wp\/v2\/pages"}],"about":[{"href":"http:\/\/www.dbv-bremen.de\/index.php?rest_route=\/wp\/v2\/types\/page"}],"author":[{"embeddable":true,"href":"http:\/\/www.dbv-bremen.de\/index.php?rest_route=\/wp\/v2\/users\/1"}],"replies":[{"embeddable":true,"href":"http:\/\/www.dbv-bremen.de\/index.php?rest_route=%2Fwp%2Fv2%2Fcomments&post=127"}],"version-history":[{"count":4,"href":"http:\/\/www.dbv-bremen.de\/index.php?rest_route=\/wp\/v2\/pages\/127\/revisions"}],"predecessor-version":[{"id":984,"href":"http:\/\/www.dbv-bremen.de\/index.php?rest_route=\/wp\/v2\/pages\/127\/revisions\/984"}],"up":[{"embeddable":true,"href":"http:\/\/www.dbv-bremen.de\/index.php?rest_route=\/wp\/v2\/pages\/5"}],"wp:attachment":[{"href":"http:\/\/www.dbv-bremen.de\/index.php?rest_route=%2Fwp%2Fv2%2Fmedia&parent=127"}],"curies":[{"name":"wp","href":"https:\/\/api.w.org\/{rel}","templated":true}]}}