{"id":131,"date":"2010-05-19T18:29:56","date_gmt":"2010-05-19T14:29:56","guid":{"rendered":"http:\/\/www.dbv-bremen.de\/?page_id=131"},"modified":"2025-02-07T14:00:35","modified_gmt":"2025-02-07T13:00:35","slug":"focke-museum","status":"publish","type":"page","link":"http:\/\/www.dbv-bremen.de\/?page_id=131","title":{"rendered":"Focke Museum"},"content":{"rendered":"<p><strong>Adresse<\/strong> <img loading=\"lazy\" decoding=\"async\" class=\"alignright size-medium wp-image-132\" title=\"Bibliothek im Focke-Museum\" src=\"http:\/\/www.dbv-bremen.de\/wp-content\/uploads\/2010\/05\/04_focke_a-210x300.jpg\" alt=\"\" width=\"210\" height=\"300\" srcset=\"http:\/\/www.dbv-bremen.de\/wp-content\/uploads\/2010\/05\/04_focke_a-210x300.jpg 210w, http:\/\/www.dbv-bremen.de\/wp-content\/uploads\/2010\/05\/04_focke_a-718x1024.jpg 718w, http:\/\/www.dbv-bremen.de\/wp-content\/uploads\/2010\/05\/04_focke_a.jpg 1052w\" sizes=\"auto, (max-width: 210px) 100vw, 210px\" \/><br \/>\nFocke-Museum<br \/>\nBibliothek<br \/>\nSchwachhauser Heerstr. 240<br \/>\n28213 Bremen<br \/>\nTel.: +49-0421-699 600 36<br \/>\nE-Mail: <a href=\"mailto:bibliothek@focke-museum.de\">bibliothek@focke-museum.de<\/a><\/p>\n<p><strong>Bibliothekarische Leitung<\/strong><br \/>\nSvetlana Andreeva<\/p>\n<p><strong>Kurzbeschreibung<\/strong><br \/>\nDas Focke-Museum wurde zum Bremer Landesmuseum f\u00fcr Kunst und Kulturgeschichte durch die Vereinigung zweier gro\u00dfer Sammlungen: Das Gewerbemuseum von 1884 und das \u201eHistorische Museum f\u00fcr bremische Altert\u00fcmer\u201c von 1900, benannt nach seinem Gr\u00fcnder, dem Senatssyndikus Dr. Johann Focke, wurden 1924 zusammengelegt. Nach der im Zweiten Weltkrieg erfolgten Zerst\u00f6rung des Geb\u00e4udes an der Gro\u00dfenstra\u00dfe im Stephaniviertel zog das Museum in das Haus Riensberg. 1964 wurde das neue Hauptgeb\u00e4ude errichtet, das 1998 saniert und mit einer neuen Dauerausstellung zu 1200 Jahren bremischer Geschichte wiederer\u00f6ffnet wurde.<br \/>\nSchwerpunkte der Sammlung: Bremische Geschichte, Handwerks-und Industriegeschichte, Kunsthandwerk). Die Bibliothek hat heute einen Umfang von ca. 40.000 B\u00e4nden und 200 Zeitschriften, davon ein bedeutender Anteil an alten und wertvollen historischen Buchbest\u00e4nden.<br \/>\nSie ist eine Pr\u00e4senzbibliothek zu den Sammelgebieten und Forschungsschwerpunkten des Museums: vorrangig Literatur zur bremischen Kunst und Kulturgeschichte, zu Kunsthandwerk und Design, M\u00fcnz- und Medaillenkunde, Schifffahrt, Volkskunde und Arch\u00e4ologie (am Sonderstandort, s. Bremer Landesarch\u00e4ologe). Diese Themenschwerpunkte wurden seit 1900 (Gr\u00fcndung des Museums) kontinuierlich weiter ausgebaut. Die Bibliothek steht allen Interessierten nach Absprache zur Nutzung frei, wenn Literaturw\u00fcnsche durch andere bremische \u00f6ffentliche Bibliotheken nicht abgedeckt werden k\u00f6nnen.<\/p>\n<p><strong>Nutzungsbedingungen:<\/strong> frei f\u00fcr jedermann.<\/p>\n<p><strong>Weitere Informationen unter:<\/strong><br \/>\n<a href=\"https:\/\/www.focke-museum.de\/museum\/bibliothek\/\" target=\"_blank\" rel=\"noopener\">https:\/\/www.focke-museum.de\/museum\/bibliothek\/<\/a><\/p>\n","protected":false},"excerpt":{"rendered":"<p>Adresse Focke-Museum Bibliothek Schwachhauser Heerstr. 240 28213 Bremen Tel.: +49-0421-699 600 36 E-Mail: bibliothek@focke-museum.de Bibliothekarische Leitung Svetlana Andreeva Kurzbeschreibung Das Focke-Museum wurde zum Bremer Landesmuseum f\u00fcr Kunst und Kulturgeschichte durch die Vereinigung zweier gro\u00dfer Sammlungen: Das Gewerbemuseum von 1884 und das \u201eHistorische Museum f\u00fcr bremische Altert\u00fcmer\u201c von 1900, benannt nach seinem Gr\u00fcnder, dem Senatssyndikus Dr. [&hellip;]<\/p>\n","protected":false},"author":1,"featured_media":0,"parent":5,"menu_order":0,"comment_status":"closed","ping_status":"closed","template":"","meta":{"footnotes":""},"class_list":["post-131","page","type-page","status-publish","hentry"],"_links":{"self":[{"href":"http:\/\/www.dbv-bremen.de\/index.php?rest_route=\/wp\/v2\/pages\/131","targetHints":{"allow":["GET"]}}],"collection":[{"href":"http:\/\/www.dbv-bremen.de\/index.php?rest_route=\/wp\/v2\/pages"}],"about":[{"href":"http:\/\/www.dbv-bremen.de\/index.php?rest_route=\/wp\/v2\/types\/page"}],"author":[{"embeddable":true,"href":"http:\/\/www.dbv-bremen.de\/index.php?rest_route=\/wp\/v2\/users\/1"}],"replies":[{"embeddable":true,"href":"http:\/\/www.dbv-bremen.de\/index.php?rest_route=%2Fwp%2Fv2%2Fcomments&post=131"}],"version-history":[{"count":7,"href":"http:\/\/www.dbv-bremen.de\/index.php?rest_route=\/wp\/v2\/pages\/131\/revisions"}],"predecessor-version":[{"id":981,"href":"http:\/\/www.dbv-bremen.de\/index.php?rest_route=\/wp\/v2\/pages\/131\/revisions\/981"}],"up":[{"embeddable":true,"href":"http:\/\/www.dbv-bremen.de\/index.php?rest_route=\/wp\/v2\/pages\/5"}],"wp:attachment":[{"href":"http:\/\/www.dbv-bremen.de\/index.php?rest_route=%2Fwp%2Fv2%2Fmedia&parent=131"}],"curies":[{"name":"wp","href":"https:\/\/api.w.org\/{rel}","templated":true}]}}