{"id":140,"date":"2010-05-19T18:41:43","date_gmt":"2010-05-19T14:41:43","guid":{"rendered":"http:\/\/www.dbv-bremen.de\/?page_id=140"},"modified":"2025-06-18T08:49:46","modified_gmt":"2025-06-18T07:49:46","slug":"landesinstitut-fur-schule-bibliothek","status":"publish","type":"page","link":"http:\/\/www.dbv-bremen.de\/?page_id=140","title":{"rendered":"Landesinstitut f\u00fcr Schule \u2013 Bibliothek"},"content":{"rendered":"<p><strong>Adresse<\/strong> <img loading=\"lazy\" decoding=\"async\" class=\"alignright size-full wp-image-141\" title=\"Landesinstitut f\u00fcr Schule \u2013 Bibliothek\" src=\"http:\/\/www.dbv-bremen.de\/wp-content\/uploads\/2010\/05\/06_lis1.jpg\" alt=\"\" width=\"231\" height=\"175\" \/><br \/>\nLandesinstitut f\u00fcr Schule \u2013 Bibliothek<br \/>\nAm Weidedamm 20<br \/>\n28215 Bremen-Findorff<br \/>\nTelefon: 0421\/ 361 14419<br \/>\nE-Mail: bibliothek@lis.bremen.de<\/p>\n<p><strong>Bibliothekarische Leitung<\/strong><br \/>\nElke Menke<\/p>\n<p><strong>Kurzbeschreibung<\/strong><br \/>\nWissenschaftliche Spezialbibliothek mit einem ca. 98 000 Medieneinheiten umfassenden Fachbestand f\u00fcr Lehrerbildung, Schule, Unterricht und Bildungswesen, den Lehrer und Lehrerinnen des Landes Bremen kostenfrei als Pr\u00e4senz- und Ausleihbestand nutzen k\u00f6nnen, u. a.:<\/p>\n<ul>\n<li>Fachliteratur f\u00fcr alle Unterrichtsf\u00e4cher und -inhalte<\/li>\n<li>Didaktisch-methodische Grundlagenwerke, Stundenbilder, Schriftenreihen zur Unterrichtspraxis<\/li>\n<li>Gedruckte Lehr- und Lernmittel, Schulb\u00fccher<\/li>\n<li>DVDs, Videos, CDs, CD-ROMs f\u00fcr die Lehrerbildung<\/li>\n<li>Fremdsprachendidaktiken f\u00fcr Englisch, Franz\u00f6sisch, Spanisch, Latein, T\u00fcrkisch, Polnisch<\/li>\n<li>Loseblattsammlungen mit Unterrichtseinheiten und -vorschl\u00e4gen<\/li>\n<li>Aktuelle p\u00e4dagogische und andere wissenschaftliche Fachzeitschriftenjahrg\u00e4nge mit Zusatzmaterialien<\/li>\n<\/ul>\n<p>Anderen Interessenten stehen diese B\u00fccher und Periodika als Pr\u00e4senzbestand nach Absprache und in Ausnahmef\u00e4llen zur Verf\u00fcgung.<\/p>\n<p><strong>Weitere Informationen unter:<\/strong><br \/>\n<a href=\"https:\/\/www.lis.bremen.de\/bibliothek\" target=\"_blank\" rel=\"noopener\">https:\/\/www.lis.bremen.de\/bibliothek<\/a><\/p>\n","protected":false},"excerpt":{"rendered":"<p>Adresse Landesinstitut f\u00fcr Schule \u2013 Bibliothek Am Weidedamm 20 28215 Bremen-Findorff Telefon: 0421\/ 361 14419 E-Mail: bibliothek@lis.bremen.de Bibliothekarische Leitung Elke Menke Kurzbeschreibung Wissenschaftliche Spezialbibliothek mit einem ca. 98 000 Medieneinheiten umfassenden Fachbestand f\u00fcr Lehrerbildung, Schule, Unterricht und Bildungswesen, den Lehrer und Lehrerinnen des Landes Bremen kostenfrei als Pr\u00e4senz- und Ausleihbestand nutzen k\u00f6nnen, u. a.: Fachliteratur [&hellip;]<\/p>\n","protected":false},"author":1,"featured_media":0,"parent":5,"menu_order":0,"comment_status":"closed","ping_status":"closed","template":"","meta":{"footnotes":""},"class_list":["post-140","page","type-page","status-publish","hentry"],"_links":{"self":[{"href":"http:\/\/www.dbv-bremen.de\/index.php?rest_route=\/wp\/v2\/pages\/140","targetHints":{"allow":["GET"]}}],"collection":[{"href":"http:\/\/www.dbv-bremen.de\/index.php?rest_route=\/wp\/v2\/pages"}],"about":[{"href":"http:\/\/www.dbv-bremen.de\/index.php?rest_route=\/wp\/v2\/types\/page"}],"author":[{"embeddable":true,"href":"http:\/\/www.dbv-bremen.de\/index.php?rest_route=\/wp\/v2\/users\/1"}],"replies":[{"embeddable":true,"href":"http:\/\/www.dbv-bremen.de\/index.php?rest_route=%2Fwp%2Fv2%2Fcomments&post=140"}],"version-history":[{"count":7,"href":"http:\/\/www.dbv-bremen.de\/index.php?rest_route=\/wp\/v2\/pages\/140\/revisions"}],"predecessor-version":[{"id":1014,"href":"http:\/\/www.dbv-bremen.de\/index.php?rest_route=\/wp\/v2\/pages\/140\/revisions\/1014"}],"up":[{"embeddable":true,"href":"http:\/\/www.dbv-bremen.de\/index.php?rest_route=\/wp\/v2\/pages\/5"}],"wp:attachment":[{"href":"http:\/\/www.dbv-bremen.de\/index.php?rest_route=%2Fwp%2Fv2%2Fmedia&parent=140"}],"curies":[{"name":"wp","href":"https:\/\/api.w.org\/{rel}","templated":true}]}}