{"id":152,"date":"2010-05-19T18:53:47","date_gmt":"2010-05-19T14:53:47","guid":{"rendered":"http:\/\/www.dbv-bremen.de\/?page_id=152"},"modified":"2025-02-07T14:39:07","modified_gmt":"2025-02-07T13:39:07","slug":"ubersee-museum-bremen-bibliothek","status":"publish","type":"page","link":"http:\/\/www.dbv-bremen.de\/?page_id=152","title":{"rendered":"\u00dcbersee-Museum Bremen Bibliothek"},"content":{"rendered":"<p><strong>Adresse<\/strong> <img loading=\"lazy\" decoding=\"async\" class=\"alignright size-medium wp-image-154\" title=\"Bibliothek im \u00dcbersee-Museum Bremen \" src=\"http:\/\/www.dbv-bremen.de\/wp-content\/uploads\/2010\/05\/10_\u00fcbersee-300x198.jpg\" alt=\"\" width=\"300\" height=\"198\" srcset=\"http:\/\/www.dbv-bremen.de\/wp-content\/uploads\/2010\/05\/10_\u00fcbersee-300x198.jpg 300w, http:\/\/www.dbv-bremen.de\/wp-content\/uploads\/2010\/05\/10_\u00fcbersee.jpg 480w\" sizes=\"auto, (max-width: 300px) 100vw, 300px\" \/><br \/>\n\u00dcbersee-Museum Bremen<br \/>\nBibliothek<br \/>\nHugo Schauinslandplatz 1<br \/>\nim Geb\u00e4ude CinemaxX<\/p>\n<p>Postanschrift<br \/>\n\u00dcbersee-Museum Bremen<br \/>\nBibliothek<br \/>\nBahnhofsplatz 13<br \/>\nD &#8211; 28195 Bremen<\/p>\n<p><strong>Ansprechpartner<\/strong><br \/>\nThorsten G\u00fcnther<br \/>\nTel: 0421-16038410<br \/>\nMail: t.guenther@uebersee-museum.de<\/p>\n<p><strong>Kurzbeschreibung<\/strong><br \/>\nDie Bibliothek der \u00f6ffentlich-rechtlichen Stiftung \u00dcbersee-Museum Bremen ist eine Pr\u00e4senzbibliothek mit Servicecharakter. Sie dient in erster Linie der Zuarbeit wissenschaftlicher Forschungen und Ausstellungsorganisationen im Hause, ist aber auch der \u00d6ffentlichkeit zug\u00e4nglich.<br \/>\nDaf\u00fcr stellt sie gedruckte und elektronische Medien bereit. Das Medien- und Informationsangebot wird entsprechend dem Ausstellungs- und Forschungsprofil der Fachabteilungen im \u00dcbersee-Museum entwickelt und gepflegt.<br \/>\nDer Bestand umfasst gegenw\u00e4rtig etwa 60 000 Monographien und Zeitschriftenb\u00e4nde aus V\u00f6lkerkunde (Ethnologie), Naturwissenschaften, Handelskunde und Kolonialgeschichte.<br \/>\nMit 449 nationalen und internationalen Partnereinrichtungen pflegt die Bibliothek derzeit wissenschaftlichen Schriftentausch. Ca. 2150 Zeitschriftentitel, davon 400 im Schriftentausch und 35 im Abo werden gegenw\u00e4rtig gef\u00fchrt.<br \/>\nDie Wurzeln der Bibliothek gehen zur\u00fcck auf die 1776 gegr\u00fcndete \u201ePhysikalische Gesellschaft\u201c sowie die \u201eGesellschaft Museum\u201c, seit 1876 \u201eSt\u00e4dtische Sammlungen f\u00fcr Naturgeschichte und Ethnografie\u201c genannt, zwei Vorl\u00e4ufer des heutigen \u00dcbersee-Museums. Teils aus diesen Zusammenh\u00e4ngen finden sich in der Bibliothek heute einige \u201eSch\u00e4tze&#8220; des 18. und 19. Jahrhunderts aus verschiedenen wissenschaftlichen Bereichen. Besonders aus der Zeit des 19. und beginnendes 20. Jahrhundert existieren einige spannende mehrb\u00e4ndig begrenzte Werke. Dies sind beispielsweise die wissenschaftlichen Ergebnisse der deutschen Zentralafrikaexpedition, Darwins\u00b4 gesammelte Werke, Mitteleurop\u00e4ische Flora oder Botanische Jahrb\u00fccher\u2026Weitere Sch\u00e4tze sind die Reisebeschreibungen von James Cook, ver\u00f6ffentlicht 1785 oder die \u201eBeschreibung einiger minderbekannter Seetiere und ihrer Eigenschaften\u201c, geschrieben von Johann Babtist Bohadsch im Jahr 1776 sowie neuere Schriften \u00fcber die Nordseeforschung.<\/p>\n<p><strong>Weitere Informationen unter: <\/strong><br \/>\n<a href=\"https:\/\/www.uebersee-museum.de\/ihr-besuch\/services\/bibliothek\/\" target=\"_blank\" rel=\"noopener\">https:\/\/www.uebersee-museum.de\/ihr-besuch\/services\/bibliothek\/<\/a><\/p>\n","protected":false},"excerpt":{"rendered":"<p>Adresse \u00dcbersee-Museum Bremen Bibliothek Hugo Schauinslandplatz 1 im Geb\u00e4ude CinemaxX Postanschrift \u00dcbersee-Museum Bremen Bibliothek Bahnhofsplatz 13 D &#8211; 28195 Bremen Ansprechpartner Thorsten G\u00fcnther Tel: 0421-16038410 Mail: t.guenther@uebersee-museum.de Kurzbeschreibung Die Bibliothek der \u00f6ffentlich-rechtlichen Stiftung \u00dcbersee-Museum Bremen ist eine Pr\u00e4senzbibliothek mit Servicecharakter. Sie dient in erster Linie der Zuarbeit wissenschaftlicher Forschungen und Ausstellungsorganisationen im Hause, ist aber [&hellip;]<\/p>\n","protected":false},"author":1,"featured_media":0,"parent":5,"menu_order":0,"comment_status":"closed","ping_status":"open","template":"","meta":{"footnotes":""},"class_list":["post-152","page","type-page","status-publish","hentry"],"_links":{"self":[{"href":"http:\/\/www.dbv-bremen.de\/index.php?rest_route=\/wp\/v2\/pages\/152","targetHints":{"allow":["GET"]}}],"collection":[{"href":"http:\/\/www.dbv-bremen.de\/index.php?rest_route=\/wp\/v2\/pages"}],"about":[{"href":"http:\/\/www.dbv-bremen.de\/index.php?rest_route=\/wp\/v2\/types\/page"}],"author":[{"embeddable":true,"href":"http:\/\/www.dbv-bremen.de\/index.php?rest_route=\/wp\/v2\/users\/1"}],"replies":[{"embeddable":true,"href":"http:\/\/www.dbv-bremen.de\/index.php?rest_route=%2Fwp%2Fv2%2Fcomments&post=152"}],"version-history":[{"count":8,"href":"http:\/\/www.dbv-bremen.de\/index.php?rest_route=\/wp\/v2\/pages\/152\/revisions"}],"predecessor-version":[{"id":1000,"href":"http:\/\/www.dbv-bremen.de\/index.php?rest_route=\/wp\/v2\/pages\/152\/revisions\/1000"}],"up":[{"embeddable":true,"href":"http:\/\/www.dbv-bremen.de\/index.php?rest_route=\/wp\/v2\/pages\/5"}],"wp:attachment":[{"href":"http:\/\/www.dbv-bremen.de\/index.php?rest_route=%2Fwp%2Fv2%2Fmedia&parent=152"}],"curies":[{"name":"wp","href":"https:\/\/api.w.org\/{rel}","templated":true}]}}