{"id":162,"date":"2010-05-19T19:03:29","date_gmt":"2010-05-19T15:03:29","guid":{"rendered":"http:\/\/www.dbv-bremen.de\/?page_id=162"},"modified":"2025-02-07T13:59:16","modified_gmt":"2025-02-07T12:59:16","slug":"deutsches-schiffahrtsmuseum-bibliothek","status":"publish","type":"page","link":"http:\/\/www.dbv-bremen.de\/?page_id=162","title":{"rendered":"Deutsches Schifffahrtsmuseum Bibliothek"},"content":{"rendered":"<p><strong>Adresse<\/strong> <img loading=\"lazy\" decoding=\"async\" class=\"alignright size-medium wp-image-163\" title=\"Deutsches Schiffahrtsmuseum Bibliothek\" src=\"http:\/\/www.dbv-bremen.de\/wp-content\/uploads\/2010\/05\/13_schiffahrtsmuseum-300x197.jpg\" alt=\"\" width=\"300\" height=\"197\" srcset=\"http:\/\/www.dbv-bremen.de\/wp-content\/uploads\/2010\/05\/13_schiffahrtsmuseum-300x197.jpg 300w, http:\/\/www.dbv-bremen.de\/wp-content\/uploads\/2010\/05\/13_schiffahrtsmuseum-1024x675.jpg 1024w, http:\/\/www.dbv-bremen.de\/wp-content\/uploads\/2010\/05\/13_schiffahrtsmuseum.jpg 1574w\" sizes=\"auto, (max-width: 300px) 100vw, 300px\" \/><br \/>\nDeutsches Schifffahrtsmuseum<br \/>\nBibliothek<br \/>\nHoebelstra\u00dfe 23<br \/>\n27572 Bremerhaven<br \/>\nTel: +49-471-48 207 22\/44<br \/>\nE-Mail: bibliothek@dsm.museum<\/p>\n<p><strong>Kurzbeschreibung<\/strong><br \/>\nDie Bibliothek des Deutschen Schifffahrtsmuseums h\u00e4lt f\u00fcr Wissenschaft und Forschung, aber auch f\u00fcr die allgemeine \u00d6ffentlichkeit Literatur und andere Informationsmedien zur deutschen Schifffahrtsgeschichte in ihren internationalen Verflechtungen bereit. Der Bestand umfasst derzeit ca. 100.000 Titel. Rund 330 Zeitschriften und Periodika werden laufend gehalten und auf wichtige Aufs\u00e4tze hin ausgewertet.<br \/>\nDie Online-Kataloge weisen den Bibliotheks-Bestand zu 100% nach. Die Nutzung der Bibliothek im Lesesaal ist kostenlos, die Best\u00e4nde sind nicht vor Ort ausleihbar (Pr\u00e4senzbibliothek). Mit Einschr\u00e4nkungen ist jedoch zu den \u00fcblichen Bedingungen eine Fernleihe m\u00f6glich. Den Bibliotheksbesuchern stehen an technischen Hilfsmitteln neben verschiedenen Scan- und Kopierger\u00e4ten Leseger\u00e4te f\u00fcr Mikrofilm und -fiches sowie in begrenztem Umfang Computerarbeitspl\u00e4tze und Internetzug\u00e4nge zu Verf\u00fcgung.<\/p>\n<p><strong>Weitere Informationen unter:<\/strong><br \/>\n<a href=\"https:\/\/www.dsm.museum\/forschung\/bibliothek-1\" target=\"_blank\" rel=\"noopener\">https:\/\/www.dsm.museum\/forschung\/bibliothek-1<\/a><\/p>\n","protected":false},"excerpt":{"rendered":"<p>Adresse Deutsches Schifffahrtsmuseum Bibliothek Hoebelstra\u00dfe 23 27572 Bremerhaven Tel: +49-471-48 207 22\/44 E-Mail: bibliothek@dsm.museum Kurzbeschreibung Die Bibliothek des Deutschen Schifffahrtsmuseums h\u00e4lt f\u00fcr Wissenschaft und Forschung, aber auch f\u00fcr die allgemeine \u00d6ffentlichkeit Literatur und andere Informationsmedien zur deutschen Schifffahrtsgeschichte in ihren internationalen Verflechtungen bereit. Der Bestand umfasst derzeit ca. 100.000 Titel. Rund 330 Zeitschriften und Periodika [&hellip;]<\/p>\n","protected":false},"author":1,"featured_media":0,"parent":5,"menu_order":0,"comment_status":"closed","ping_status":"open","template":"","meta":{"footnotes":""},"class_list":["post-162","page","type-page","status-publish","hentry"],"_links":{"self":[{"href":"http:\/\/www.dbv-bremen.de\/index.php?rest_route=\/wp\/v2\/pages\/162","targetHints":{"allow":["GET"]}}],"collection":[{"href":"http:\/\/www.dbv-bremen.de\/index.php?rest_route=\/wp\/v2\/pages"}],"about":[{"href":"http:\/\/www.dbv-bremen.de\/index.php?rest_route=\/wp\/v2\/types\/page"}],"author":[{"embeddable":true,"href":"http:\/\/www.dbv-bremen.de\/index.php?rest_route=\/wp\/v2\/users\/1"}],"replies":[{"embeddable":true,"href":"http:\/\/www.dbv-bremen.de\/index.php?rest_route=%2Fwp%2Fv2%2Fcomments&post=162"}],"version-history":[{"count":7,"href":"http:\/\/www.dbv-bremen.de\/index.php?rest_route=\/wp\/v2\/pages\/162\/revisions"}],"predecessor-version":[{"id":980,"href":"http:\/\/www.dbv-bremen.de\/index.php?rest_route=\/wp\/v2\/pages\/162\/revisions\/980"}],"up":[{"embeddable":true,"href":"http:\/\/www.dbv-bremen.de\/index.php?rest_route=\/wp\/v2\/pages\/5"}],"wp:attachment":[{"href":"http:\/\/www.dbv-bremen.de\/index.php?rest_route=%2Fwp%2Fv2%2Fmedia&parent=162"}],"curies":[{"name":"wp","href":"https:\/\/api.w.org\/{rel}","templated":true}]}}