{"id":236,"date":"2010-05-20T18:51:25","date_gmt":"2010-05-20T14:51:25","guid":{"rendered":"http:\/\/www.dbv-bremen.de\/?page_id=236"},"modified":"2025-02-07T13:55:51","modified_gmt":"2025-02-07T12:55:51","slug":"awi-bibliothek-alfred-wegener-insitut-fur-polar-und-meeresforschung","status":"publish","type":"page","link":"http:\/\/www.dbv-bremen.de\/?page_id=236","title":{"rendered":"AWI-Bibliothek (Alfred-Wegener-Insitut f\u00fcr Polar- und Meeresforschung)"},"content":{"rendered":"<p><strong>Adresse<\/strong> <img loading=\"lazy\" decoding=\"async\" class=\"alignright size-full wp-image-238\" title=\"Alfred-Wegener-Insitut f\u00fcr Polar- und Meeresforschung\" src=\"http:\/\/www.dbv-bremen.de\/wp-content\/uploads\/2010\/05\/15_awi.jpg\" alt=\"\" width=\"300\" height=\"300\" srcset=\"http:\/\/www.dbv-bremen.de\/wp-content\/uploads\/2010\/05\/15_awi.jpg 300w, http:\/\/www.dbv-bremen.de\/wp-content\/uploads\/2010\/05\/15_awi-150x150.jpg 150w\" sizes=\"auto, (max-width: 300px) 100vw, 300px\" \/><br \/>\nAWI-Bibliothek<br \/>\nStiftung Alfred-Wegener-Institut f\u00fcr Polar- und Meeresforschung<br \/>\nAm alten Hafen 26<br \/>\n27568 Bremerhaven<\/p>\n<p>Telefon: 04 71 \/ 48 31 12 76<br \/>\nE-Mail: library@awi.de<\/p>\n<p><strong>Bibliothekarische Leitung<\/strong><br \/>\nDr. Andreas Walker<\/p>\n<p><strong>Kurzbeschreibung<\/strong><br \/>\nDie Bibliothek des Alfred-Wegener-Instituts Helmholtz-Zentrum f\u00fcr Polar- und Meeresforschung (AWI) ist eine Spezialbibliothek, die als Pr\u00e4senzbibliothek in erster Linie der Informations- und Literaturversorgung der Mitarbeiter\/-innen der Stiftung dient. Die Bibliothek befindet sich in Bremerhaven mit Zweigstellen auf Helgoland und in List\/Sylt. Die Bibliothek der Forschungsstelle Potsdam des AWI ist Teil der Bibliothek des Wissenschaftsparks Albert Einstein. Die AWI-Bibliothek Bremerhaven beherbergt das Archiv f\u00fcr deutsche Polarforschung (AdP).<br \/>\nDie Bibliothek ist f\u00fcr die AWI-Mitarbeiter t\u00e4glich 24 Stunden zug\u00e4nglich. F\u00fcr externe Benutzer ist die Bibliothek Montag bis Donnerstag von 9.00 bis15.00 Uhr und Freitag von 9.00 bis 13.00 Uhr ge\u00f6ffnet.<\/p>\n<p><strong>Weitere Informationen unter:<\/strong><br \/>\n<a href=\"https:\/\/www.awi.de\/ueber-uns\/service\/bibliothek.html\" target=\"_blank\" rel=\"noopener\">https:\/\/www.awi.de\/ueber-uns\/service\/bibliothek.html<\/a><\/p>\n","protected":false},"excerpt":{"rendered":"<p>Adresse AWI-Bibliothek Stiftung Alfred-Wegener-Institut f\u00fcr Polar- und Meeresforschung Am alten Hafen 26 27568 Bremerhaven Telefon: 04 71 \/ 48 31 12 76 E-Mail: library@awi.de Bibliothekarische Leitung Dr. Andreas Walker Kurzbeschreibung Die Bibliothek des Alfred-Wegener-Instituts Helmholtz-Zentrum f\u00fcr Polar- und Meeresforschung (AWI) ist eine Spezialbibliothek, die als Pr\u00e4senzbibliothek in erster Linie der Informations- und Literaturversorgung der Mitarbeiter\/-innen [&hellip;]<\/p>\n","protected":false},"author":1,"featured_media":0,"parent":5,"menu_order":0,"comment_status":"closed","ping_status":"open","template":"","meta":{"footnotes":""},"class_list":["post-236","page","type-page","status-publish","hentry"],"_links":{"self":[{"href":"http:\/\/www.dbv-bremen.de\/index.php?rest_route=\/wp\/v2\/pages\/236","targetHints":{"allow":["GET"]}}],"collection":[{"href":"http:\/\/www.dbv-bremen.de\/index.php?rest_route=\/wp\/v2\/pages"}],"about":[{"href":"http:\/\/www.dbv-bremen.de\/index.php?rest_route=\/wp\/v2\/types\/page"}],"author":[{"embeddable":true,"href":"http:\/\/www.dbv-bremen.de\/index.php?rest_route=\/wp\/v2\/users\/1"}],"replies":[{"embeddable":true,"href":"http:\/\/www.dbv-bremen.de\/index.php?rest_route=%2Fwp%2Fv2%2Fcomments&post=236"}],"version-history":[{"count":9,"href":"http:\/\/www.dbv-bremen.de\/index.php?rest_route=\/wp\/v2\/pages\/236\/revisions"}],"predecessor-version":[{"id":978,"href":"http:\/\/www.dbv-bremen.de\/index.php?rest_route=\/wp\/v2\/pages\/236\/revisions\/978"}],"up":[{"embeddable":true,"href":"http:\/\/www.dbv-bremen.de\/index.php?rest_route=\/wp\/v2\/pages\/5"}],"wp:attachment":[{"href":"http:\/\/www.dbv-bremen.de\/index.php?rest_route=%2Fwp%2Fv2%2Fmedia&parent=236"}],"curies":[{"name":"wp","href":"https:\/\/api.w.org\/{rel}","templated":true}]}}