{"id":252,"date":"2010-07-13T13:20:35","date_gmt":"2010-07-13T09:20:35","guid":{"rendered":"http:\/\/www.dbv-bremen.de\/?page_id=252"},"modified":"2025-02-07T14:06:20","modified_gmt":"2025-02-07T13:06:20","slug":"biblioteca-gonzalo-rojas-instituto-cervantes-de-bremen","status":"publish","type":"page","link":"http:\/\/www.dbv-bremen.de\/?page_id=252","title":{"rendered":"Biblioteca Gonzalo Rojas &#8211; Instituto Cervantes de Bremen"},"content":{"rendered":"<p><strong>Adresse<\/strong> <a href=\"http:\/\/www.dbv-bremen.de\/wp-content\/uploads\/2010\/07\/16_cervantes.jpg\"><img loading=\"lazy\" decoding=\"async\" class=\"alignright size-medium wp-image-253\" title=\"Biblioteca Gonzalo Rojas\" src=\"http:\/\/www.dbv-bremen.de\/wp-content\/uploads\/2010\/07\/16_cervantes-300x225.jpg\" alt=\"\" width=\"300\" height=\"225\" srcset=\"http:\/\/www.dbv-bremen.de\/wp-content\/uploads\/2010\/07\/16_cervantes-300x225.jpg 300w, http:\/\/www.dbv-bremen.de\/wp-content\/uploads\/2010\/07\/16_cervantes.jpg 450w\" sizes=\"auto, (max-width: 300px) 100vw, 300px\" \/><\/a><br \/>\nBiblioteca Gonzalo Rojas<br \/>\nInstituto Cervantes de Bremen<br \/>\nSchwachhauser Ring 124<br \/>\nD 28209 Bremen<br \/>\nTel. +49 421 340 39 14<\/p>\n<p>Mail: <a href=\"mailto:bibbre@cervantes.es\">bibbre@cervantes.es<\/a><\/p>\n<p><strong>Kurzbeschreibung<\/strong><br \/>\nDie Bibliothek \u201eGonzalo Rojas\u201c des Instituto Cervantes ist eine \u00f6ffentliche, spanische Einrichtung, die auf die Sprachen und Kulturen Spaniens und Hispanoamerikas spezialisiert ist.<br \/>\nCa. 19.000 Werke in Form von B\u00fcchern, Zeitschriften, DVDs und CDs, die alle kulturellen Bereiche Spaniens und Hispanoamerikas umfassen.<br \/>\nDie Bibliothek nimmt alle Art von Anfragen, die Spanien und Hispanoamerika betreffen, entgegen und weist in das umfangreiche Informationsmaterial ein.<br \/>\nEin Bibliotheksausweis ist ben\u00f6tigt. Benutzungsgeb\u00fchren 10,00 \u20ac pro Jahr, 8,00 \u20ac f\u00fcr Studenten, Spanischlehrer, Arbeitslose, Rentner; kostenlos f\u00fcr Sch\u00fcler des Instituto Cervantes.<br \/>\nDie Fernleihe ist auf die Nutzer beschr\u00e4nkt, die nicht in Bremen wohnen. Es wird ein g\u00fcltiger Bibliotheksausweis ben\u00f6tigt und die Versandkosten vom Ausleihenden durch den Kauf von Bons \u00fcbernommen werden.<br \/>\nOriginaldokumente oder Kopien von Publikationen k\u00f6nnen aus anderen Bibliotheken oder Dokumentationszentren in Spanien sowie dem weltweiten Bibliotheksnetz des Instituto Cervantes angefordert werden.<\/p>\n<p><strong>Weitere Informationen unter:<\/strong><br \/>\n<a href=\"https:\/\/bremen.cervantes.es\/de\/bibliothek\/bibliothek_gonzalo_rojas.shtm\" target=\"_blank\" rel=\"noopener\">https:\/\/bremen.cervantes.es\/de\/bibliothek\/bibliothek_gonzalo_rojas.shtm<\/a><\/p>\n","protected":false},"excerpt":{"rendered":"<p>Adresse Biblioteca Gonzalo Rojas Instituto Cervantes de Bremen Schwachhauser Ring 124 D 28209 Bremen Tel. +49 421 340 39 14 Mail: bibbre@cervantes.es Kurzbeschreibung Die Bibliothek \u201eGonzalo Rojas\u201c des Instituto Cervantes ist eine \u00f6ffentliche, spanische Einrichtung, die auf die Sprachen und Kulturen Spaniens und Hispanoamerikas spezialisiert ist. Ca. 19.000 Werke in Form von B\u00fcchern, Zeitschriften, DVDs [&hellip;]<\/p>\n","protected":false},"author":1,"featured_media":0,"parent":5,"menu_order":0,"comment_status":"closed","ping_status":"open","template":"","meta":{"footnotes":""},"class_list":["post-252","page","type-page","status-publish","hentry"],"_links":{"self":[{"href":"http:\/\/www.dbv-bremen.de\/index.php?rest_route=\/wp\/v2\/pages\/252","targetHints":{"allow":["GET"]}}],"collection":[{"href":"http:\/\/www.dbv-bremen.de\/index.php?rest_route=\/wp\/v2\/pages"}],"about":[{"href":"http:\/\/www.dbv-bremen.de\/index.php?rest_route=\/wp\/v2\/types\/page"}],"author":[{"embeddable":true,"href":"http:\/\/www.dbv-bremen.de\/index.php?rest_route=\/wp\/v2\/users\/1"}],"replies":[{"embeddable":true,"href":"http:\/\/www.dbv-bremen.de\/index.php?rest_route=%2Fwp%2Fv2%2Fcomments&post=252"}],"version-history":[{"count":4,"href":"http:\/\/www.dbv-bremen.de\/index.php?rest_route=\/wp\/v2\/pages\/252\/revisions"}],"predecessor-version":[{"id":985,"href":"http:\/\/www.dbv-bremen.de\/index.php?rest_route=\/wp\/v2\/pages\/252\/revisions\/985"}],"up":[{"embeddable":true,"href":"http:\/\/www.dbv-bremen.de\/index.php?rest_route=\/wp\/v2\/pages\/5"}],"wp:attachment":[{"href":"http:\/\/www.dbv-bremen.de\/index.php?rest_route=%2Fwp%2Fv2%2Fmedia&parent=252"}],"curies":[{"name":"wp","href":"https:\/\/api.w.org\/{rel}","templated":true}]}}