{"id":256,"date":"2010-07-13T14:38:31","date_gmt":"2010-07-13T10:38:31","guid":{"rendered":"http:\/\/www.dbv-bremen.de\/?page_id=256"},"modified":"2025-02-07T14:01:52","modified_gmt":"2025-02-07T13:01:52","slug":"forschungsstelle-osteuropa-an-der-universitat-bremen","status":"publish","type":"page","link":"http:\/\/www.dbv-bremen.de\/?page_id=256","title":{"rendered":"Forschungsstelle Osteuropa an der Universit\u00e4t Bremen"},"content":{"rendered":"<p><strong>Adresse<\/strong><br \/>\nForschungsstelle Osteuropa an der Universit\u00e4t Bremen<br \/>\nBibliothek<br \/>\nKlagenfurter Str. 3<br \/>\n28359 Bremen<\/p>\n<p>Tel.: 0421 \u2013 218 69 636<br \/>\nMail: fsobib@uni-bremen.de<\/p>\n<p><strong>Kurzbeschreibung<br \/>\n<\/strong>Die Pr\u00e4senzbibliothek der Forschungsstelle Osteuropa an der Universit\u00e4t Bremen ist eine Fachbibliothek, die \u00f6ffentlich zug\u00e4nglich ist. Sie konzentriert sich auf geistes-, kultur- und sozialwissenschaftliche Literatur zu Ost- und Ostmitteleuropa nach 1945\/1953. Ihre Schwerpunkte sind Zeitgeschichte, Politik, Soziologie, Literatur, Kunst- und Kulturgeschichte. Im Mittelpunkt stehen dabei die Thematiken staatliche Verfolgung, Repression und Lager, Andersdenkende, Eigensinn und Dissens, unabh\u00e4ngige Literatur und Untergrund-Kunst, Exil und Emigration sowie die politischen Entwicklungen nach 1989\/91. Regional beschr\u00e4nkt sich die Bibliothek auf die Sowjetunion und ihre Nachfolgestaaten, Polen und die Tschechoslowakei bzw. die Tschechische und die Slowakische Republik. Weitere L\u00e4nder Ost- und Ostmitteleuropas sind mit kleineren Abteilungen vertreten, die einen \u00dcberblick \u00fcber deren Entwicklungen erm\u00f6glichen.<\/p>\n<p>Weitere Informationen unter:<br \/>\n<a href=\"https:\/\/www.forschungsstelle.uni-bremen.de\/de\/9\/20110606113229\/Archiv_Bibliothek.html\" target=\"_blank\" rel=\"noopener\">https:\/\/www.forschungsstelle.uni-bremen.de\/de\/9\/20110606113229\/Kontakt_Profil.html<\/a><strong><br \/>\n<\/strong><\/p>\n","protected":false},"excerpt":{"rendered":"<p>Adresse Forschungsstelle Osteuropa an der Universit\u00e4t Bremen Bibliothek Klagenfurter Str. 3 28359 Bremen Tel.: 0421 \u2013 218 69 636 Mail: fsobib@uni-bremen.de Kurzbeschreibung Die Pr\u00e4senzbibliothek der Forschungsstelle Osteuropa an der Universit\u00e4t Bremen ist eine Fachbibliothek, die \u00f6ffentlich zug\u00e4nglich ist. Sie konzentriert sich auf geistes-, kultur- und sozialwissenschaftliche Literatur zu Ost- und Ostmitteleuropa nach 1945\/1953. Ihre Schwerpunkte [&hellip;]<\/p>\n","protected":false},"author":1,"featured_media":0,"parent":5,"menu_order":0,"comment_status":"closed","ping_status":"open","template":"","meta":{"footnotes":""},"class_list":["post-256","page","type-page","status-publish","hentry"],"_links":{"self":[{"href":"http:\/\/www.dbv-bremen.de\/index.php?rest_route=\/wp\/v2\/pages\/256","targetHints":{"allow":["GET"]}}],"collection":[{"href":"http:\/\/www.dbv-bremen.de\/index.php?rest_route=\/wp\/v2\/pages"}],"about":[{"href":"http:\/\/www.dbv-bremen.de\/index.php?rest_route=\/wp\/v2\/types\/page"}],"author":[{"embeddable":true,"href":"http:\/\/www.dbv-bremen.de\/index.php?rest_route=\/wp\/v2\/users\/1"}],"replies":[{"embeddable":true,"href":"http:\/\/www.dbv-bremen.de\/index.php?rest_route=%2Fwp%2Fv2%2Fcomments&post=256"}],"version-history":[{"count":8,"href":"http:\/\/www.dbv-bremen.de\/index.php?rest_route=\/wp\/v2\/pages\/256\/revisions"}],"predecessor-version":[{"id":982,"href":"http:\/\/www.dbv-bremen.de\/index.php?rest_route=\/wp\/v2\/pages\/256\/revisions\/982"}],"up":[{"embeddable":true,"href":"http:\/\/www.dbv-bremen.de\/index.php?rest_route=\/wp\/v2\/pages\/5"}],"wp:attachment":[{"href":"http:\/\/www.dbv-bremen.de\/index.php?rest_route=%2Fwp%2Fv2%2Fmedia&parent=256"}],"curies":[{"name":"wp","href":"https:\/\/api.w.org\/{rel}","templated":true}]}}