{"id":30,"date":"2009-11-12T20:29:56","date_gmt":"2009-11-12T16:29:56","guid":{"rendered":"http:\/\/wp1170919.wp200.webpack.hosteurope.de\/dbv\/?page_id=30"},"modified":"2025-11-05T10:52:14","modified_gmt":"2025-11-05T09:52:14","slug":"vorstand","status":"publish","type":"page","link":"http:\/\/www.dbv-bremen.de\/?page_id=30","title":{"rendered":"Vorstand des DBV-Bremen"},"content":{"rendered":"<h2><strong>Vorsitzender<\/strong><\/h2>\n<p><strong>B\u00fcrgermeister a. D.<br \/>\nJens B\u00f6hrnsen<\/strong><br \/>\nKontakt \u00fcber die Gesch\u00e4ftsstelle<\/p>\n<p>E-Mail: <a href=\"mailto:sekretariat@stabi-hb.de\">sekretariat@stabi-hb.de<\/a><\/p>\n<hr \/>\n<h2><a href=\"http:\/\/www.dbv-bremen.de\/wp-content\/uploads\/2009\/11\/Foto_LuciaWerder2017.jpg\"><img loading=\"lazy\" decoding=\"async\" class=\"alignleft  wp-image-550\" src=\"http:\/\/www.dbv-bremen.de\/wp-content\/uploads\/2009\/11\/Foto_LuciaWerder2017-244x300.jpg\" alt=\"Foto_LuciaWerder2017\" width=\"132\" height=\"162\" srcset=\"http:\/\/www.dbv-bremen.de\/wp-content\/uploads\/2009\/11\/Foto_LuciaWerder2017-244x300.jpg 244w, http:\/\/www.dbv-bremen.de\/wp-content\/uploads\/2009\/11\/Foto_LuciaWerder2017.jpg 596w\" sizes=\"auto, (max-width: 132px) 100vw, 132px\" \/><\/a><strong>Gesch\u00e4ftsf\u00fchrende <\/strong><strong>Vorsitzende<\/strong><\/h2>\n<p><strong>Frau<br \/>\nLucia Werder<\/strong><br \/>\nStadtbibliothek Bremen<br \/>\nForum Am Wall 201<br \/>\n28195 Bremen<br \/>\nTel.: 0421 &#8211; 361 34550<\/p>\n<p>E-Mail: <a href=\"mailto:sekretariat@stabi-hb.bremen.de\">sekretariat@stabi-hb.de<\/a><br \/>\n<a href=\"https:\/\/stabi-hb.de\/\">https:\/\/stabi-hb.de\/<\/a><\/p>\n<hr \/>\n<h2><strong>Vorstandsmitglied<\/strong><\/h2>\n<p><a href=\"http:\/\/www.dbv-bremen.de\/wp-content\/uploads\/2022\/03\/Mueller_neu_22_edited.jpg\"><img loading=\"lazy\" decoding=\"async\" class=\"alignleft wp-image-550\" src=\"http:\/\/www.dbv-bremen.de\/wp-content\/uploads\/2022\/03\/Mueller_neu_22_edited-280x300.jpg\" alt=\"\" width=\"133\" height=\"143\" \/><\/a><\/p>\n<p><strong>Frau<br \/>\nMaria Elisabeth M\u00fcller<\/strong><br \/>\nStaats- und Universit\u00e4tsbibliothek Bremen<br \/>\nBibliothekstra\u00dfe<br \/>\n28359 Bremen<br \/>\nTel.: 0421 &#8211; 218 59400<\/p>\n<p>E-Mail: <a href=\"mailto:mmueller@suub.uni-bremen.de\">mmueller@suub.uni-bremen.de<\/a><br \/>\n<a href=\"http:\/\/www.suub.uni-bremen.de\/\" target=\"_blank\" rel=\"noopener\">http:\/\/www.suub.uni-bremen.de<\/a><\/p>\n<hr \/>\n<h2><strong>Vorstandsmitglied<\/strong><\/h2>\n<p><strong>Frau<br \/>\nRonja Storck<\/strong><br \/>\nStaatsarchiv Bremen \u2013 Bibliothek<br \/>\nAm Staatsarchiv 1<br \/>\n28203 Bremen<br \/>\nTel.: 0421 \u2013 361 6228<\/p>\n<p>E-Mail: <a title=\"E-Mail verfassen an  elke.menke@lis.bremen.de\" href=\"ronja.storck@staatsarchiv.bremen.de\" aria-label=\"Email\">ronja.storck@staatsarchiv.bremen.de<\/a><br \/>\n<a href=\"https:\/\/www.staatsarchiv.bremen.de\/\">www.staatsarchiv.bremen.de<\/a><\/p>\n","protected":false},"excerpt":{"rendered":"<p>Vorsitzender B\u00fcrgermeister a. D. Jens B\u00f6hrnsen Kontakt \u00fcber die Gesch\u00e4ftsstelle E-Mail: sekretariat@stabi-hb.de Gesch\u00e4ftsf\u00fchrende Vorsitzende Frau Lucia Werder Stadtbibliothek Bremen Forum Am Wall 201 28195 Bremen Tel.: 0421 &#8211; 361 34550 E-Mail: sekretariat@stabi-hb.de https:\/\/stabi-hb.de\/ Vorstandsmitglied Frau Maria Elisabeth M\u00fcller Staats- und Universit\u00e4tsbibliothek Bremen Bibliothekstra\u00dfe 28359 Bremen Tel.: 0421 &#8211; 218 59400 E-Mail: mmueller@suub.uni-bremen.de http:\/\/www.suub.uni-bremen.de Vorstandsmitglied Frau [&hellip;]<\/p>\n","protected":false},"author":1,"featured_media":0,"parent":0,"menu_order":2,"comment_status":"closed","ping_status":"closed","template":"","meta":{"footnotes":""},"class_list":["post-30","page","type-page","status-publish","hentry"],"_links":{"self":[{"href":"http:\/\/www.dbv-bremen.de\/index.php?rest_route=\/wp\/v2\/pages\/30","targetHints":{"allow":["GET"]}}],"collection":[{"href":"http:\/\/www.dbv-bremen.de\/index.php?rest_route=\/wp\/v2\/pages"}],"about":[{"href":"http:\/\/www.dbv-bremen.de\/index.php?rest_route=\/wp\/v2\/types\/page"}],"author":[{"embeddable":true,"href":"http:\/\/www.dbv-bremen.de\/index.php?rest_route=\/wp\/v2\/users\/1"}],"replies":[{"embeddable":true,"href":"http:\/\/www.dbv-bremen.de\/index.php?rest_route=%2Fwp%2Fv2%2Fcomments&post=30"}],"version-history":[{"count":46,"href":"http:\/\/www.dbv-bremen.de\/index.php?rest_route=\/wp\/v2\/pages\/30\/revisions"}],"predecessor-version":[{"id":1041,"href":"http:\/\/www.dbv-bremen.de\/index.php?rest_route=\/wp\/v2\/pages\/30\/revisions\/1041"}],"wp:attachment":[{"href":"http:\/\/www.dbv-bremen.de\/index.php?rest_route=%2Fwp%2Fv2%2Fmedia&parent=30"}],"curies":[{"name":"wp","href":"https:\/\/api.w.org\/{rel}","templated":true}]}}