{"id":35,"date":"2009-11-12T20:42:43","date_gmt":"2009-11-12T16:42:43","guid":{"rendered":"http:\/\/wp1170919.wp200.webpack.hosteurope.de\/dbv\/?page_id=35"},"modified":"2024-07-03T08:34:15","modified_gmt":"2024-07-03T07:34:15","slug":"herzlich-willkommen","status":"publish","type":"page","link":"https:\/\/www.dbv-bremen.de\/","title":{"rendered":"Herzlich Willkommen"},"content":{"rendered":"<p>beim Bremischen Bibliotheksverband e.V. &#8211; <a href=\"https:\/\/www.bibliotheksverband.de\/dbv-landesverband-bremen\" target=\"_blank\" rel=\"noopener\">Landesverband Bremen<\/a><br \/>\nim Deutschen Bibliotheksverband e.V.<\/p>\n<p><span dir=\"ltr\" role=\"presentation\">Die Freie Hansestadt Bremen hat eine vielf\u00e4ltige Bibliotheks\u00ad<\/span><span dir=\"ltr\" role=\"presentation\">landschaft, die sich in ihrer ganzen Breite im Netzwerk des<\/span> <span dir=\"ltr\" role=\"presentation\">Bremischen Bibliotheksverbandes spiegelt. In dieser Landes\u00ad <\/span><span dir=\"ltr\" role=\"presentation\">organisation des Deutschen Bibliotheksverbandes haben<\/span> <span dir=\"ltr\" role=\"presentation\">sich aktuell 20 Bibliotheken zusammengeschlossen, um ihre <\/span><span dir=\"ltr\" role=\"presentation\">Dienstleistungen zu optimieren und ihre Best\u00e4nde der Allge\u00ad<\/span><span dir=\"ltr\" role=\"presentation\">meinheit zu vermitteln.<\/span><\/p>\n<p><span dir=\"ltr\" role=\"presentation\">Wir zeigen hier die ganze Bandbreite der Bremischen Biblio<\/span><span dir=\"ltr\" role=\"presentation\">theken und er\u00f6ffnet somit allen Interessenten ein Portal zu<\/span> <span dir=\"ltr\" role=\"presentation\">wichtigen spezifischen und universelleren Informations- und <\/span><span dir=\"ltr\" role=\"presentation\">Kultureinrichtungen in Bremen und Bremerhaven.<\/span><br role=\"presentation\" \/><span dir=\"ltr\" role=\"presentation\">Bibliotheken leisten mit ihren digitalen Ressourcen, mit ge\u00ad<\/span><span dir=\"ltr\" role=\"presentation\">druckten und audiovisuellen Medien sowie mit modernen In\u00ad<\/span><span dir=\"ltr\" role=\"presentation\">formationsservices einen wichtigen Beitrag zur Entwicklung von <\/span><span dir=\"ltr\" role=\"presentation\">Bildung, Wissenschaft und Forschung sowie der Wirtschaft unse\u00ad<\/span><span dir=\"ltr\" role=\"presentation\">res Bundeslandes. Die Bibliotheken in Bremen und Bremerhaven<\/span><br role=\"presentation\" \/><span dir=\"ltr\" role=\"presentation\">sind als kulturelle und wissenschaftliche Bildungseinrichtungen<\/span> <span dir=\"ltr\" role=\"presentation\">sowie Ged\u00e4chtnisinstitutionen wichtige Orte der Begegnung,<\/span> <span dir=\"ltr\" role=\"presentation\">Integration und Kommunikation. Sie er\u00f6ffnen den freien Zugang <\/span><span dir=\"ltr\" role=\"presentation\">zu Wissen, unterst\u00fctzen das Lernen und Forschen und st\u00e4rken<\/span> <span dir=\"ltr\" role=\"presentation\">die Informations<\/span><span class=\"markedContent\"><span dir=\"ltr\" role=\"presentation\">\u00ad<\/span><\/span> <span dir=\"ltr\" role=\"presentation\">und Medienkompetenz. Die kulturelle und<\/span> <span dir=\"ltr\" role=\"presentation\">gesellschaftliche Entwicklung sowie eine sinnvolle und kreative <\/span><span dir=\"ltr\" role=\"presentation\">Freizeitgestaltung sind ohne die analogen und digitalen Dienst\u00ad<\/span> <span dir=\"ltr\" role=\"presentation\">leistungen der Bibliotheken heute nicht mehr denkbar.<\/span><\/p>\n<p>Der Bremische Bibliotheksverband setzt sich gemeinsam mit dem <a href=\"http:\/\/www.bibliotheksverband.de\/\" target=\"_blank\" rel=\"noopener\">Bundesverband<\/a> f\u00fcr eine nachhaltige Weiterentwicklung des deutschen Bibliothekswesen ein. In Positionspapieren, Stellungnahmen und Berichten wendet sich der Bremische Bibliotheksverband an die \u00d6ffentlichkeit. Interessierte d\u00fcrfen sich diese Positionen zu eigen machen und weiter verbreiten.<\/p>\n<p>Wer sich einen \u00dcberblick \u00fcber die reichhaltigen Best\u00e4nde der Bremer Bibliotheken verschaffen m\u00f6chte, findet im gemeinsamen <a href=\"https:\/\/gso.gbv.de\/DB=2.940\/\" target=\"_blank\" rel=\"noopener\">Regionalkatalog<\/a> der Bremer Bibliotheken die M\u00f6glichkeit zur \u00fcbergreifenden Recherche.<\/p>\n<p>Wir freuen uns \u00fcber Ihre Anregungen, wie wir dieses Informationsangebot noch verbessern k\u00f6nnen. Wenn Sie Fragen haben, schicken Sie uns bitte eine E-Mail an die Gesch\u00e4ftsstelle:<br \/>\n<a href=\"mailto:sekretariat@stabi-hb.de\">sekretariat@stabi-hb.de<\/a><\/p>\n<p>Der Vorstand<br \/>\n<!--\n<strong>Rahmenvereinbarung des Landesverbands Bremen im Deutschen Bibliotheksverband, der Senatorin f\u00fcr Bildung, Wissenschaft und Gesundheit Bremen und des Magistrates der Stadt Bremerhaven<\/strong>\nSchulen und Bibliotheken haben in mehrfacher Hinsicht gemeinsame Ziele und Aufgaben, die sie am besten in enger Kooperation erf\u00fcllen k\u00f6nnen.\nIn Bremen und Bremerhaven gibt es eine lange Tradition guter Zusammenarbeit zwischen den Bibliotheken und den jeweiligen Schulen. Die Sparzw\u00e4nge der Vergangenheit haben dies im Laufe der Zeit nicht einfacher gemacht. Der Landesverband Bremen im Deutschen Bibliotheksverband, der 22 Mitgliedsbibliotheken vertritt, sowie die Senatorin f\u00fcr Bildung, Wissenschaft und Gesundheit Bremen und der Magistrat der Stadt Bremerhaven haben im April 2011 eine <a href=\"http:\/\/www.bibliotheksverband.de\/fileadmin\/user_upload\/Landesverbaende\/Bremen\/2011-07-06_Rahmenvereinbarung_Final_Juni_2011.pdf\">Rahmenvereinbarung<\/a> geschlossen, die die Zusammenarbeit zwischen Schulen und Bibliotheken bei der Vermittlung von Lese-, Informations- und Medienkompetenz auf eine systematische und umfassende Grundlage stellen soll. Neben allgemeinen Grunds\u00e4tzen werden darin auch viele einzelne Beitr\u00e4ge genannt, die Bibliotheken in diesem Zusammenhang leisten k\u00f6nnen.\n--><\/p>\n","protected":false},"excerpt":{"rendered":"<p>beim Bremischen Bibliotheksverband e.V. &#8211; Landesverband Bremen im Deutschen Bibliotheksverband e.V. Die Freie Hansestadt Bremen hat eine vielf\u00e4ltige Bibliotheks\u00adlandschaft, die sich in ihrer ganzen Breite im Netzwerk des Bremischen Bibliotheksverbandes spiegelt. In dieser Landes\u00ad organisation des Deutschen Bibliotheksverbandes haben sich aktuell 20 Bibliotheken zusammengeschlossen, um ihre Dienstleistungen zu optimieren und ihre Best\u00e4nde der Allge\u00admeinheit zu [&hellip;]<\/p>\n","protected":false},"author":1,"featured_media":0,"parent":0,"menu_order":0,"comment_status":"closed","ping_status":"open","template":"","meta":{"footnotes":""},"class_list":["post-35","page","type-page","status-publish","hentry"],"_links":{"self":[{"href":"https:\/\/www.dbv-bremen.de\/index.php?rest_route=\/wp\/v2\/pages\/35","targetHints":{"allow":["GET"]}}],"collection":[{"href":"https:\/\/www.dbv-bremen.de\/index.php?rest_route=\/wp\/v2\/pages"}],"about":[{"href":"https:\/\/www.dbv-bremen.de\/index.php?rest_route=\/wp\/v2\/types\/page"}],"author":[{"embeddable":true,"href":"https:\/\/www.dbv-bremen.de\/index.php?rest_route=\/wp\/v2\/users\/1"}],"replies":[{"embeddable":true,"href":"https:\/\/www.dbv-bremen.de\/index.php?rest_route=%2Fwp%2Fv2%2Fcomments&post=35"}],"version-history":[{"count":44,"href":"https:\/\/www.dbv-bremen.de\/index.php?rest_route=\/wp\/v2\/pages\/35\/revisions"}],"predecessor-version":[{"id":864,"href":"https:\/\/www.dbv-bremen.de\/index.php?rest_route=\/wp\/v2\/pages\/35\/revisions\/864"}],"wp:attachment":[{"href":"https:\/\/www.dbv-bremen.de\/index.php?rest_route=%2Fwp%2Fv2%2Fmedia&parent=35"}],"curies":[{"name":"wp","href":"https:\/\/api.w.org\/{rel}","templated":true}]}}